{"id":47,"date":"2021-03-29T03:17:23","date_gmt":"2021-03-29T03:17:23","guid":{"rendered":"https:\/\/site.usalibros.us\/?page_id=47"},"modified":"2021-05-08T01:17:04","modified_gmt":"2021-05-08T01:17:04","slug":"galeria","status":"publish","type":"page","link":"https:\/\/site.usalibros.us\/index.php\/galeria\/","title":{"rendered":"Galer\u00eda"},"content":{"rendered":"\t\t<div data-elementor-type=\"wp-page\" data-elementor-id=\"47\" class=\"elementor elementor-47\">\n\t\t\t\t\t\t<section class=\"elementor-section elementor-top-section elementor-element elementor-element-1c6d683 elementor-section-boxed elementor-section-height-default elementor-section-height-default wpr-particle-no wpr-jarallax-no wpr-parallax-no wpr-sticky-section-no\" data-id=\"1c6d683\" data-element_type=\"section\">\n\t\t\t\t\t\t<div class=\"elementor-container elementor-column-gap-default\">\n\t\t\t\t\t<div class=\"elementor-column elementor-col-100 elementor-top-column elementor-element elementor-element-fec0f74\" data-id=\"fec0f74\" data-element_type=\"column\">\n\t\t\t<div class=\"elementor-widget-wrap elementor-element-populated\">\n\t\t\t\t\t\t<div class=\"elementor-element elementor-element-34a53da elementor-widget elementor-widget-heading\" data-id=\"34a53da\" data-element_type=\"widget\" data-widget_type=\"heading.default\">\n\t\t\t\t<div class=\"elementor-widget-container\">\n\t\t\t\t\t<h2 class=\"elementor-heading-title elementor-size-default\">Galer\u00eda<\/h2>\t\t\t\t<\/div>\n\t\t\t\t<\/div>\n\t\t\t\t<div class=\"elementor-element elementor-element-6587e25 elementor-widget-divider--view-line elementor-widget elementor-widget-divider\" data-id=\"6587e25\" data-element_type=\"widget\" data-widget_type=\"divider.default\">\n\t\t\t\t<div class=\"elementor-widget-container\">\n\t\t\t\t\t\t\t<div class=\"elementor-divider\">\n\t\t\t<span class=\"elementor-divider-separator\">\n\t\t\t\t\t\t<\/span>\n\t\t<\/div>\n\t\t\t\t\t\t<\/div>\n\t\t\t\t<\/div>\n\t\t\t\t\t<\/div>\n\t\t<\/div>\n\t\t\t\t\t<\/div>\n\t\t<\/section>\n\t\t\t\t<section class=\"elementor-section elementor-top-section elementor-element elementor-element-2b8fbde elementor-section-stretched elementor-section-boxed elementor-section-height-default elementor-section-height-default wpr-particle-no wpr-jarallax-no wpr-parallax-no wpr-sticky-section-no elementor-invisible\" data-id=\"2b8fbde\" data-element_type=\"section\" data-settings=\"{&quot;stretch_section&quot;:&quot;section-stretched&quot;,&quot;background_background&quot;:&quot;gradient&quot;,&quot;animation&quot;:&quot;bounceIn&quot;}\">\n\t\t\t\t\t\t<div class=\"elementor-container elementor-column-gap-default\">\n\t\t\t\t\t<div class=\"elementor-column elementor-col-100 elementor-top-column elementor-element elementor-element-4894252\" data-id=\"4894252\" data-element_type=\"column\">\n\t\t\t<div class=\"elementor-widget-wrap elementor-element-populated\">\n\t\t\t\t\t\t<div class=\"elementor-element elementor-element-af7cf62 elementor-view-default elementor-widget elementor-widget-icon\" data-id=\"af7cf62\" data-element_type=\"widget\" data-widget_type=\"icon.default\">\n\t\t\t\t<div class=\"elementor-widget-container\">\n\t\t\t\t\t\t\t<div class=\"elementor-icon-wrapper\">\n\t\t\t<div class=\"elementor-icon\">\n\t\t\t<i aria-hidden=\"true\" class=\"fas fa-user-clock\"><\/i>\t\t\t<\/div>\n\t\t<\/div>\n\t\t\t\t\t\t<\/div>\n\t\t\t\t<\/div>\n\t\t\t\t<div class=\"elementor-element elementor-element-54c3762 elementor-widget elementor-widget-heading\" data-id=\"54c3762\" data-element_type=\"widget\" data-widget_type=\"heading.default\">\n\t\t\t\t<div class=\"elementor-widget-container\">\n\t\t\t\t\t<h3 class=\"elementor-heading-title elementor-size-default\">Capacitaci\u00f3n y formaci\u00f3n de usuarios<\/h3>\t\t\t\t<\/div>\n\t\t\t\t<\/div>\n\t\t\t\t<div class=\"elementor-element elementor-element-f5771fd elementor-widget-divider--view-line elementor-widget elementor-widget-divider\" data-id=\"f5771fd\" data-element_type=\"widget\" data-widget_type=\"divider.default\">\n\t\t\t\t<div class=\"elementor-widget-container\">\n\t\t\t\t\t\t\t<div class=\"elementor-divider\">\n\t\t\t<span class=\"elementor-divider-separator\">\n\t\t\t\t\t\t<\/span>\n\t\t<\/div>\n\t\t\t\t\t\t<\/div>\n\t\t\t\t<\/div>\n\t\t\t\t<div class=\"elementor-element elementor-element-5d4b887 elementor-widget elementor-widget-text-editor\" data-id=\"5d4b887\" data-element_type=\"widget\" data-widget_type=\"text-editor.default\">\n\t\t\t\t<div class=\"elementor-widget-container\">\n\t\t\t\t\t\t\t\t\t<p>Hemos establecido un programa de capacitaciones y formaci\u00f3n de usuarios eficaz y pertinente donde ha participado tanto personal de la biblioteca, docentes, estudiantes y comunidad en general, de manera activa y din\u00e1mica.<\/p><p>Lo anterior ha facilitado la formaci\u00f3n de personal multiplicador de nuestros recursos electr\u00f3nicos, de manera escalonada\u00a0 y progresiva.<\/p><p>En estas im\u00e1genes, podemos evidenciar algunas actividades y la participaci\u00f3n en eventos realizados anteriormente.<\/p><p>El a\u00f1o 2020 y lo corrido del 2021 enfocamos nuestros esfuerzos a capacitaciones virtuales con mas de 7.500 usuarios ya capacitados.<\/p><p>Estaremos siempre atentos y acordes con los requerimientos del mercado y clientes, nuestra razon de ser.<\/p>\t\t\t\t\t\t\t\t<\/div>\n\t\t\t\t<\/div>\n\t\t\t\t\t<\/div>\n\t\t<\/div>\n\t\t\t\t\t<\/div>\n\t\t<\/section>\n\t\t\t\t<section class=\"elementor-section elementor-top-section elementor-element elementor-element-0836db4 elementor-section-stretched elementor-section-boxed elementor-section-height-default elementor-section-height-default wpr-particle-no wpr-jarallax-no wpr-parallax-no wpr-sticky-section-no elementor-invisible\" data-id=\"0836db4\" data-element_type=\"section\" data-settings=\"{&quot;stretch_section&quot;:&quot;section-stretched&quot;,&quot;animation&quot;:&quot;fadeInUp&quot;}\">\n\t\t\t\t\t\t<div class=\"elementor-container elementor-column-gap-default\">\n\t\t\t\t\t<div class=\"elementor-column elementor-col-100 elementor-top-column elementor-element elementor-element-afb9bb7\" data-id=\"afb9bb7\" data-element_type=\"column\">\n\t\t\t<div class=\"elementor-widget-wrap elementor-element-populated\">\n\t\t\t\t\t\t<div class=\"elementor-element elementor-element-bb50703 elementor-widget elementor-widget-image-gallery\" data-id=\"bb50703\" data-element_type=\"widget\" data-widget_type=\"image-gallery.default\">\n\t\t\t\t<div class=\"elementor-widget-container\">\n\t\t\t\t\t\t\t<div class=\"elementor-image-gallery\">\n\t\t\t<div id='gallery-1' class='gallery galleryid-47 gallery-columns-4 gallery-size-medium'><figure class='gallery-item'>\n\t\t\t<div class='gallery-icon landscape'>\n\t\t\t\t<a data-elementor-open-lightbox=\"yes\" data-elementor-lightbox-slideshow=\"bb50703\" data-elementor-lightbox-title=\"4\" data-e-action-hash=\"#elementor-action%3Aaction%3Dlightbox%26settings%3DeyJpZCI6MTc1OCwidXJsIjoiaHR0cHM6XC9cL3NpdGUudXNhbGlicm9zLnVzXC93cC1jb250ZW50XC91cGxvYWRzXC8yMDIxXC8wNVwvNC1zY2FsZWQuanBnIiwic2xpZGVzaG93IjoiYmI1MDcwMyJ9\" href='https:\/\/site.usalibros.us\/wp-content\/uploads\/2021\/05\/4-scaled.jpg'><img fetchpriority=\"high\" decoding=\"async\" width=\"300\" height=\"225\" src=\"https:\/\/site.usalibros.us\/wp-content\/uploads\/2021\/05\/4-300x225.jpg\" class=\"attachment-medium size-medium\" alt=\"\" srcset=\"https:\/\/site.usalibros.us\/wp-content\/uploads\/2021\/05\/4-300x225.jpg 300w, https:\/\/site.usalibros.us\/wp-content\/uploads\/2021\/05\/4-1024x768.jpg 1024w, https:\/\/site.usalibros.us\/wp-content\/uploads\/2021\/05\/4-768x576.jpg 768w, https:\/\/site.usalibros.us\/wp-content\/uploads\/2021\/05\/4-1536x1152.jpg 1536w, https:\/\/site.usalibros.us\/wp-content\/uploads\/2021\/05\/4-2048x1536.jpg 2048w, https:\/\/site.usalibros.us\/wp-content\/uploads\/2021\/05\/4-830x623.jpg 830w, https:\/\/site.usalibros.us\/wp-content\/uploads\/2021\/05\/4-230x173.jpg 230w, https:\/\/site.usalibros.us\/wp-content\/uploads\/2021\/05\/4-350x263.jpg 350w, https:\/\/site.usalibros.us\/wp-content\/uploads\/2021\/05\/4-480x360.jpg 480w\" sizes=\"(max-width: 300px) 100vw, 300px\" \/><\/a>\n\t\t\t<\/div><\/figure><figure class='gallery-item'>\n\t\t\t<div class='gallery-icon landscape'>\n\t\t\t\t<a data-elementor-open-lightbox=\"yes\" data-elementor-lightbox-slideshow=\"bb50703\" data-elementor-lightbox-title=\"1\" data-e-action-hash=\"#elementor-action%3Aaction%3Dlightbox%26settings%3DeyJpZCI6MTc2NCwidXJsIjoiaHR0cHM6XC9cL3NpdGUudXNhbGlicm9zLnVzXC93cC1jb250ZW50XC91cGxvYWRzXC8yMDIxXC8wNVwvMS1zY2FsZWQuanBnIiwic2xpZGVzaG93IjoiYmI1MDcwMyJ9\" href='https:\/\/site.usalibros.us\/wp-content\/uploads\/2021\/05\/1-scaled.jpg'><img decoding=\"async\" width=\"300\" height=\"225\" src=\"https:\/\/site.usalibros.us\/wp-content\/uploads\/2021\/05\/1-300x225.jpg\" class=\"attachment-medium size-medium\" alt=\"\" srcset=\"https:\/\/site.usalibros.us\/wp-content\/uploads\/2021\/05\/1-300x225.jpg 300w, https:\/\/site.usalibros.us\/wp-content\/uploads\/2021\/05\/1-1024x768.jpg 1024w, https:\/\/site.usalibros.us\/wp-content\/uploads\/2021\/05\/1-768x576.jpg 768w, https:\/\/site.usalibros.us\/wp-content\/uploads\/2021\/05\/1-1536x1152.jpg 1536w, https:\/\/site.usalibros.us\/wp-content\/uploads\/2021\/05\/1-2048x1536.jpg 2048w, https:\/\/site.usalibros.us\/wp-content\/uploads\/2021\/05\/1-830x623.jpg 830w, https:\/\/site.usalibros.us\/wp-content\/uploads\/2021\/05\/1-230x173.jpg 230w, https:\/\/site.usalibros.us\/wp-content\/uploads\/2021\/05\/1-350x263.jpg 350w, https:\/\/site.usalibros.us\/wp-content\/uploads\/2021\/05\/1-480x360.jpg 480w\" sizes=\"(max-width: 300px) 100vw, 300px\" \/><\/a>\n\t\t\t<\/div><\/figure><figure class='gallery-item'>\n\t\t\t<div class='gallery-icon landscape'>\n\t\t\t\t<a data-elementor-open-lightbox=\"yes\" data-elementor-lightbox-slideshow=\"bb50703\" data-elementor-lightbox-title=\"2\" data-e-action-hash=\"#elementor-action%3Aaction%3Dlightbox%26settings%3DeyJpZCI6MTc2NSwidXJsIjoiaHR0cHM6XC9cL3NpdGUudXNhbGlicm9zLnVzXC93cC1jb250ZW50XC91cGxvYWRzXC8yMDIxXC8wNVwvMi1zY2FsZWQuanBnIiwic2xpZGVzaG93IjoiYmI1MDcwMyJ9\" href='https:\/\/site.usalibros.us\/wp-content\/uploads\/2021\/05\/2-scaled.jpg'><img decoding=\"async\" width=\"300\" height=\"225\" src=\"https:\/\/site.usalibros.us\/wp-content\/uploads\/2021\/05\/2-300x225.jpg\" class=\"attachment-medium size-medium\" alt=\"\" srcset=\"https:\/\/site.usalibros.us\/wp-content\/uploads\/2021\/05\/2-300x225.jpg 300w, https:\/\/site.usalibros.us\/wp-content\/uploads\/2021\/05\/2-1024x768.jpg 1024w, https:\/\/site.usalibros.us\/wp-content\/uploads\/2021\/05\/2-768x576.jpg 768w, https:\/\/site.usalibros.us\/wp-content\/uploads\/2021\/05\/2-1536x1152.jpg 1536w, https:\/\/site.usalibros.us\/wp-content\/uploads\/2021\/05\/2-2048x1536.jpg 2048w, https:\/\/site.usalibros.us\/wp-content\/uploads\/2021\/05\/2-830x623.jpg 830w, https:\/\/site.usalibros.us\/wp-content\/uploads\/2021\/05\/2-230x173.jpg 230w, https:\/\/site.usalibros.us\/wp-content\/uploads\/2021\/05\/2-350x263.jpg 350w, https:\/\/site.usalibros.us\/wp-content\/uploads\/2021\/05\/2-480x360.jpg 480w\" sizes=\"(max-width: 300px) 100vw, 300px\" \/><\/a>\n\t\t\t<\/div><\/figure><figure class='gallery-item'>\n\t\t\t<div class='gallery-icon landscape'>\n\t\t\t\t<a data-elementor-open-lightbox=\"yes\" data-elementor-lightbox-slideshow=\"bb50703\" data-elementor-lightbox-title=\"9\" data-e-action-hash=\"#elementor-action%3Aaction%3Dlightbox%26settings%3DeyJpZCI6MTc2MywidXJsIjoiaHR0cHM6XC9cL3NpdGUudXNhbGlicm9zLnVzXC93cC1jb250ZW50XC91cGxvYWRzXC8yMDIxXC8wNVwvOS1zY2FsZWQuanBnIiwic2xpZGVzaG93IjoiYmI1MDcwMyJ9\" href='https:\/\/site.usalibros.us\/wp-content\/uploads\/2021\/05\/9-scaled.jpg'><img loading=\"lazy\" decoding=\"async\" width=\"300\" height=\"225\" src=\"https:\/\/site.usalibros.us\/wp-content\/uploads\/2021\/05\/9-300x225.jpg\" class=\"attachment-medium size-medium\" alt=\"\" srcset=\"https:\/\/site.usalibros.us\/wp-content\/uploads\/2021\/05\/9-300x225.jpg 300w, https:\/\/site.usalibros.us\/wp-content\/uploads\/2021\/05\/9-1024x768.jpg 1024w, https:\/\/site.usalibros.us\/wp-content\/uploads\/2021\/05\/9-768x576.jpg 768w, https:\/\/site.usalibros.us\/wp-content\/uploads\/2021\/05\/9-1536x1152.jpg 1536w, https:\/\/site.usalibros.us\/wp-content\/uploads\/2021\/05\/9-2048x1536.jpg 2048w, https:\/\/site.usalibros.us\/wp-content\/uploads\/2021\/05\/9-830x623.jpg 830w, https:\/\/site.usalibros.us\/wp-content\/uploads\/2021\/05\/9-230x173.jpg 230w, https:\/\/site.usalibros.us\/wp-content\/uploads\/2021\/05\/9-350x263.jpg 350w, https:\/\/site.usalibros.us\/wp-content\/uploads\/2021\/05\/9-480x360.jpg 480w\" sizes=\"(max-width: 300px) 100vw, 300px\" \/><\/a>\n\t\t\t<\/div><\/figure>\n\t\t<\/div>\n\t\t<\/div>\n\t\t\t\t\t\t<\/div>\n\t\t\t\t<\/div>\n\t\t\t\t\t<\/div>\n\t\t<\/div>\n\t\t\t\t\t<\/div>\n\t\t<\/section>\n\t\t\t\t<section class=\"elementor-section elementor-top-section elementor-element elementor-element-93a0908 elementor-section-stretched elementor-section-boxed elementor-section-height-default elementor-section-height-default wpr-particle-no wpr-jarallax-no wpr-parallax-no wpr-sticky-section-no elementor-invisible\" data-id=\"93a0908\" data-element_type=\"section\" data-settings=\"{&quot;stretch_section&quot;:&quot;section-stretched&quot;,&quot;background_background&quot;:&quot;gradient&quot;,&quot;animation&quot;:&quot;fadeInUp&quot;}\">\n\t\t\t\t\t\t<div class=\"elementor-container elementor-column-gap-default\">\n\t\t\t\t\t<div class=\"elementor-column elementor-col-100 elementor-top-column elementor-element elementor-element-ce72a3a\" data-id=\"ce72a3a\" data-element_type=\"column\">\n\t\t\t<div class=\"elementor-widget-wrap elementor-element-populated\">\n\t\t\t\t\t\t<div class=\"elementor-element elementor-element-8ea9ea9 elementor-view-default elementor-widget elementor-widget-icon\" data-id=\"8ea9ea9\" data-element_type=\"widget\" data-widget_type=\"icon.default\">\n\t\t\t\t<div class=\"elementor-widget-container\">\n\t\t\t\t\t\t\t<div class=\"elementor-icon-wrapper\">\n\t\t\t<div class=\"elementor-icon\">\n\t\t\t<i aria-hidden=\"true\" class=\"fas fa-users\"><\/i>\t\t\t<\/div>\n\t\t<\/div>\n\t\t\t\t\t\t<\/div>\n\t\t\t\t<\/div>\n\t\t\t\t<div class=\"elementor-element elementor-element-8b09dda elementor-widget elementor-widget-heading\" data-id=\"8b09dda\" data-element_type=\"widget\" data-widget_type=\"heading.default\">\n\t\t\t\t<div class=\"elementor-widget-container\">\n\t\t\t\t\t<h3 class=\"elementor-heading-title elementor-size-default\">Participaci\u00f3n en eventos<\/h3>\t\t\t\t<\/div>\n\t\t\t\t<\/div>\n\t\t\t\t<div class=\"elementor-element elementor-element-ed4e9eb elementor-widget-divider--view-line elementor-widget elementor-widget-divider\" data-id=\"ed4e9eb\" data-element_type=\"widget\" data-widget_type=\"divider.default\">\n\t\t\t\t<div class=\"elementor-widget-container\">\n\t\t\t\t\t\t\t<div class=\"elementor-divider\">\n\t\t\t<span class=\"elementor-divider-separator\">\n\t\t\t\t\t\t<\/span>\n\t\t<\/div>\n\t\t\t\t\t\t<\/div>\n\t\t\t\t<\/div>\n\t\t\t\t<div class=\"elementor-element elementor-element-ee70d56 elementor-widget elementor-widget-heading\" data-id=\"ee70d56\" data-element_type=\"widget\" data-widget_type=\"heading.default\">\n\t\t\t\t<div class=\"elementor-widget-container\">\n\t\t\t\t\t<p class=\"elementor-heading-title elementor-size-default\">Participamos en ferias, eventos, talleres, foros y encuentros acad\u00e9micos..<\/p>\t\t\t\t<\/div>\n\t\t\t\t<\/div>\n\t\t\t\t\t<\/div>\n\t\t<\/div>\n\t\t\t\t\t<\/div>\n\t\t<\/section>\n\t\t\t\t<section class=\"elementor-section elementor-top-section elementor-element elementor-element-91574c9 elementor-section-stretched elementor-section-boxed elementor-section-height-default elementor-section-height-default wpr-particle-no wpr-jarallax-no wpr-parallax-no wpr-sticky-section-no elementor-invisible\" data-id=\"91574c9\" data-element_type=\"section\" data-settings=\"{&quot;stretch_section&quot;:&quot;section-stretched&quot;,&quot;animation&quot;:&quot;fadeInUp&quot;}\">\n\t\t\t\t\t\t<div class=\"elementor-container elementor-column-gap-default\">\n\t\t\t\t\t<div class=\"elementor-column elementor-col-100 elementor-top-column elementor-element elementor-element-9862c25\" data-id=\"9862c25\" data-element_type=\"column\">\n\t\t\t<div class=\"elementor-widget-wrap elementor-element-populated\">\n\t\t\t\t\t\t<div class=\"elementor-element elementor-element-1ff4282 elementor-widget elementor-widget-image-gallery\" data-id=\"1ff4282\" data-element_type=\"widget\" data-widget_type=\"image-gallery.default\">\n\t\t\t\t<div class=\"elementor-widget-container\">\n\t\t\t\t\t\t\t<div class=\"elementor-image-gallery\">\n\t\t\t<div id='gallery-2' class='gallery galleryid-47 gallery-columns-4 gallery-size-thumbnail'><figure class='gallery-item'>\n\t\t\t<div class='gallery-icon portrait'>\n\t\t\t\t<a data-elementor-open-lightbox=\"yes\" data-elementor-lightbox-slideshow=\"1ff4282\" data-elementor-lightbox-title=\"8\" data-e-action-hash=\"#elementor-action%3Aaction%3Dlightbox%26settings%3DeyJpZCI6MTc2MiwidXJsIjoiaHR0cHM6XC9cL3NpdGUudXNhbGlicm9zLnVzXC93cC1jb250ZW50XC91cGxvYWRzXC8yMDIxXC8wNVwvOC5qcGciLCJzbGlkZXNob3ciOiIxZmY0MjgyIn0%3D\" href='https:\/\/site.usalibros.us\/wp-content\/uploads\/2021\/05\/8.jpg'><img loading=\"lazy\" decoding=\"async\" width=\"150\" height=\"150\" src=\"https:\/\/site.usalibros.us\/wp-content\/uploads\/2021\/05\/8-150x150.jpg\" class=\"attachment-thumbnail size-thumbnail\" alt=\"\" \/><\/a>\n\t\t\t<\/div><\/figure><figure class='gallery-item'>\n\t\t\t<div class='gallery-icon landscape'>\n\t\t\t\t<a data-elementor-open-lightbox=\"yes\" data-elementor-lightbox-slideshow=\"1ff4282\" data-elementor-lightbox-title=\"6\" data-e-action-hash=\"#elementor-action%3Aaction%3Dlightbox%26settings%3DeyJpZCI6MTc2MCwidXJsIjoiaHR0cHM6XC9cL3NpdGUudXNhbGlicm9zLnVzXC93cC1jb250ZW50XC91cGxvYWRzXC8yMDIxXC8wNVwvNi1zY2FsZWQuanBnIiwic2xpZGVzaG93IjoiMWZmNDI4MiJ9\" href='https:\/\/site.usalibros.us\/wp-content\/uploads\/2021\/05\/6-scaled.jpg'><img loading=\"lazy\" decoding=\"async\" width=\"150\" height=\"150\" src=\"https:\/\/site.usalibros.us\/wp-content\/uploads\/2021\/05\/6-150x150.jpg\" class=\"attachment-thumbnail size-thumbnail\" alt=\"\" \/><\/a>\n\t\t\t<\/div><\/figure><figure class='gallery-item'>\n\t\t\t<div class='gallery-icon portrait'>\n\t\t\t\t<a data-elementor-open-lightbox=\"yes\" data-elementor-lightbox-slideshow=\"1ff4282\" data-elementor-lightbox-title=\"7\" data-e-action-hash=\"#elementor-action%3Aaction%3Dlightbox%26settings%3DeyJpZCI6MTc2MSwidXJsIjoiaHR0cHM6XC9cL3NpdGUudXNhbGlicm9zLnVzXC93cC1jb250ZW50XC91cGxvYWRzXC8yMDIxXC8wNVwvNy5qcGciLCJzbGlkZXNob3ciOiIxZmY0MjgyIn0%3D\" href='https:\/\/site.usalibros.us\/wp-content\/uploads\/2021\/05\/7.jpg'><img loading=\"lazy\" decoding=\"async\" width=\"150\" height=\"150\" src=\"https:\/\/site.usalibros.us\/wp-content\/uploads\/2021\/05\/7-150x150.jpg\" class=\"attachment-thumbnail size-thumbnail\" alt=\"\" \/><\/a>\n\t\t\t<\/div><\/figure><figure class='gallery-item'>\n\t\t\t<div class='gallery-icon landscape'>\n\t\t\t\t<a data-elementor-open-lightbox=\"yes\" data-elementor-lightbox-slideshow=\"1ff4282\" data-elementor-lightbox-title=\"IMG-20190422-WA0037\" data-e-action-hash=\"#elementor-action%3Aaction%3Dlightbox%26settings%3DeyJpZCI6MTA5MywidXJsIjoiaHR0cHM6XC9cL3NpdGUudXNhbGlicm9zLnVzXC93cC1jb250ZW50XC91cGxvYWRzXC8yMDIxXC8wNFwvSU1HLTIwMTkwNDIyLVdBMDAzNy5qcGciLCJzbGlkZXNob3ciOiIxZmY0MjgyIn0%3D\" href='https:\/\/site.usalibros.us\/wp-content\/uploads\/2021\/04\/IMG-20190422-WA0037.jpg'><img loading=\"lazy\" decoding=\"async\" width=\"150\" height=\"150\" src=\"https:\/\/site.usalibros.us\/wp-content\/uploads\/2021\/04\/IMG-20190422-WA0037-150x150.jpg\" class=\"attachment-thumbnail size-thumbnail\" alt=\"\" \/><\/a>\n\t\t\t<\/div><\/figure>\n\t\t<\/div>\n\t\t<\/div>\n\t\t\t\t\t\t<\/div>\n\t\t\t\t<\/div>\n\t\t\t\t\t<\/div>\n\t\t<\/div>\n\t\t\t\t\t<\/div>\n\t\t<\/section>\n\t\t\t\t<\/div>\n\t\t","protected":false},"excerpt":{"rendered":"<p>Galer\u00eda Capacitaci\u00f3n y formaci\u00f3n de usuarios Hemos establecido un programa de capacitaciones y formaci\u00f3n de usuarios eficaz y pertinente donde ha participado<\/p>\n","protected":false},"author":1,"featured_media":0,"parent":0,"menu_order":0,"comment_status":"closed","ping_status":"closed","template":"elementor_header_footer","meta":{"footnotes":""},"class_list":["post-47","page","type-page","status-publish","hentry"],"_links":{"self":[{"href":"https:\/\/site.usalibros.us\/index.php\/wp-json\/wp\/v2\/pages\/47","targetHints":{"allow":["GET"]}}],"collection":[{"href":"https:\/\/site.usalibros.us\/index.php\/wp-json\/wp\/v2\/pages"}],"about":[{"href":"https:\/\/site.usalibros.us\/index.php\/wp-json\/wp\/v2\/types\/page"}],"author":[{"embeddable":true,"href":"https:\/\/site.usalibros.us\/index.php\/wp-json\/wp\/v2\/users\/1"}],"replies":[{"embeddable":true,"href":"https:\/\/site.usalibros.us\/index.php\/wp-json\/wp\/v2\/comments?post=47"}],"version-history":[{"count":49,"href":"https:\/\/site.usalibros.us\/index.php\/wp-json\/wp\/v2\/pages\/47\/revisions"}],"predecessor-version":[{"id":1774,"href":"https:\/\/site.usalibros.us\/index.php\/wp-json\/wp\/v2\/pages\/47\/revisions\/1774"}],"wp:attachment":[{"href":"https:\/\/site.usalibros.us\/index.php\/wp-json\/wp\/v2\/media?parent=47"}],"curies":[{"name":"wp","href":"https:\/\/api.w.org\/{rel}","templated":true}]}}